{"id":636,"date":"2025-12-15T15:25:01","date_gmt":"2025-12-15T15:25:01","guid":{"rendered":"https:\/\/crac24.com\/?page_id=636"},"modified":"2026-02-12T14:40:17","modified_gmt":"2026-02-12T14:40:17","slug":"sistemas-de-alarmas","status":"publish","type":"page","link":"https:\/\/crac24.com\/en\/sistemas-de-alarmas","title":{"rendered":"SISTEMAS DE ALARMAS"},"content":{"rendered":"<p>[et_pb_section fb_built=\u00bb1&#8243; custom_padding_last_edited=\u00bboff|desktop\u00bb admin_label=\u00bbHeader\u00bb _builder_version=\u00bb4.27.5&#8243; _module_preset=\u00bbdefault\u00bb background_color=\u00bb#0c1f3f\u00bb use_background_color_gradient=\u00bbon\u00bb background_color_gradient_repeat=\u00bbon\u00bb background_color_gradient_type=\u00bbcircular\u00bb background_color_gradient_direction_radial=\u00bbbottom left\u00bb background_color_gradient_stops=\u00bb#ffffff 30%|rgba(237,68,33,0.85) 30%\u00bb background_color_gradient_overlays_image=\u00bbon\u00bb background_color_gradient_start=\u00bb#ffffff\u00bb background_color_gradient_start_position=\u00bb30%\u00bb background_color_gradient_end=\u00bbrgba(237,68,33,0.85)\u00bb background_color_gradient_end_position=\u00bb30%\u00bb background_image=\u00bbhttps:\/\/crac24.com\/wp-content\/uploads\/2025\/12\/Diseno-sin-titulo-6.png\u00bb custom_padding=\u00bb8vw||8vw||true|false\u00bb custom_padding_tablet=\u00bb80px||80px||true|false\u00bb custom_padding_phone=\u00bb40px||40px||true|false\u00bb global_colors_info=\u00bb{}\u00bb title_text=\u00bbconstructor_bg_c6b09a76cd\u00bb background_video_mp4=\u00bbhttps:\/\/crac24.com\/wp-content\/uploads\/2026\/02\/constructor_bg_c6b09a76cd.mp4&#8243; hover_enabled=\u00bb0&#8243; sticky_enabled=\u00bb0&#8243;][et_pb_row custom_padding_last_edited=\u00bbon|phone\u00bb _builder_version=\u00bb4.27.5&#8243; _module_preset=\u00bbdefault\u00bb background_color=\u00bbgcid-1507814a-0ca7-4d7b-a1ae-cfb45ab2c929&#8243; custom_padding=\u00bb60px|60px|0px|60px|false|true\u00bb custom_padding_tablet=\u00bb40px|30px||30px|false|true\u00bb custom_padding_phone=\u00bb|20px||20px|false|true\u00bb box_shadow_style=\u00bbpreset1&#8243; box_shadow_horizontal=\u00bb30px\u00bb box_shadow_vertical=\u00bb100px\u00bb box_shadow_blur=\u00bb120px\u00bb box_shadow_color=\u00bbrgba(0,7,36,0.7)\u00bb global_colors_info=\u00bb{%22gcid-1507814a-0ca7-4d7b-a1ae-cfb45ab2c929%22:%91%22background_color%22%93}\u00bb][et_pb_column type=\u00bb4_4&#8243; _builder_version=\u00bb4.27.5&#8243; _module_preset=\u00bbdefault\u00bb global_colors_info=\u00bb{}\u00bb][et_pb_text _builder_version=\u00bb4.16&#8243; _module_preset=\u00bbd72c0383-6487-4f2c-ac5c-7d48a6376757&#8243; header_font=\u00bbMichroma||||||||\u00bb header_text_color=\u00bb#FFFFFF\u00bb header_font_size=\u00bb72px\u00bb header_line_height=\u00bb1.1em\u00bb background_layout=\u00bbdark\u00bb animation_direction=\u00bbtop\u00bb header_font_size_tablet=\u00bb48px\u00bb header_font_size_phone=\u00bb24px\u00bb header_font_size_last_edited=\u00bbon|phone\u00bb locked=\u00bboff\u00bb global_colors_info=\u00bb{}\u00bb]<\/p>\n<h1>SISTEMAS DE ALARMAS<\/h1>\n<p>[\/et_pb_text][\/et_pb_column][\/et_pb_row][et_pb_row column_structure=\u00bb2_3,1_3&#8243; custom_padding_last_edited=\u00bbon|tablet\u00bb _builder_version=\u00bb4.16&#8243; _module_preset=\u00bbdefault\u00bb background_color=\u00bbgcid-1507814a-0ca7-4d7b-a1ae-cfb45ab2c929&#8243; custom_padding=\u00bb|60px|60px|60px|false|true\u00bb custom_padding_tablet=\u00bb|30px|40px|30px|false|true\u00bb custom_padding_phone=\u00bb|20px||20px|false|true\u00bb box_shadow_style=\u00bbpreset1&#8243; box_shadow_horizontal=\u00bb30px\u00bb box_shadow_vertical=\u00bb100px\u00bb box_shadow_blur=\u00bb120px\u00bb box_shadow_color=\u00bbrgba(0,7,36,0.7)\u00bb global_colors_info=\u00bb{%22gcid-1507814a-0ca7-4d7b-a1ae-cfb45ab2c929%22:%91%22background_color%22%93}\u00bb][et_pb_column type=\u00bb2_3&#8243; _builder_version=\u00bb4.16&#8243; _module_preset=\u00bbdefault\u00bb global_colors_info=\u00bb{}\u00bb][et_pb_text _builder_version=\u00bb4.27.5&#8243; _module_preset=\u00bbaec0be99-8a53-4f75-abf2-64f29a8b4cc2&#8243; text_font=\u00bbUbuntu|500|||||||\u00bb text_text_color=\u00bb#FFFFFF\u00bb text_font_size=\u00bb17px\u00bb text_line_height=\u00bb1.8em\u00bb text_font_size_tablet=\u00bb16px\u00bb text_font_size_phone=\u00bb13px\u00bb text_font_size_last_edited=\u00bbon|phone\u00bb locked=\u00bboff\u00bb global_colors_info=\u00bb{}\u00bb]<\/p>\n<p data-start=\"381\" data-end=\"695\">Un sistema de alarma es un conjunto de dispositivos electr\u00f3nicos dise\u00f1ados para detectar accesos no autorizados y activar alertas autom\u00e1ticas. Estos dispositivos \u2014sensores, detectores, sirenas y c\u00e1maras\u2014 trabajan de forma coordinada y se comunican con nuestra Central Receptora de Alarmas mediante canales seguros.<\/p>\n<p data-start=\"697\" data-end=\"988\">Cuando se recibe una se\u00f1al, la Central verifica el evento y activa el protocolo correspondiente, que incluye el aviso al propietario, aviso a la polic\u00eda cuando procede y el seguimiento del incidente.<br data-start=\"896\" data-end=\"899\" \/>Este proceso garantiza una actuaci\u00f3n r\u00e1pida y eficaz ante cualquier intento de intrusi\u00f3n.<\/p>\n<p>[\/et_pb_text][\/et_pb_column][et_pb_column type=\u00bb1_3&#8243; _builder_version=\u00bb4.16&#8243; _module_preset=\u00bbdefault\u00bb global_colors_info=\u00bb{}\u00bb][\/et_pb_column][\/et_pb_row][\/et_pb_section][et_pb_section fb_built=\u00bb1&#8243; admin_label=\u00bbAbout\u00bb _builder_version=\u00bb4.27.5&#8243; _module_preset=\u00bbdefault\u00bb background_color=\u00bb#FFFFFF\u00bb hover_enabled=\u00bb0&#8243; global_colors_info=\u00bb{}\u00bb sticky_enabled=\u00bb0&#8243;][et_pb_row column_structure=\u00bb1_2,1_2&#8243; _builder_version=\u00bb4.16&#8243; _module_preset=\u00bbdefault\u00bb global_colors_info=\u00bb{}\u00bb][et_pb_column type=\u00bb1_2&#8243; _builder_version=\u00bb4.16&#8243; _module_preset=\u00bbdefault\u00bb global_colors_info=\u00bb{}\u00bb][et_pb_text _builder_version=\u00bb4.27.5&#8243; _module_preset=\u00bb32021f09-dd67-47fb-8f9a-832b72a38baf\u00bb text_text_color=\u00bb#FFFFFF\u00bb header_text_color=\u00bb#FFFFFF\u00bb header_2_font=\u00bbMichroma||||||||\u00bb header_2_text_color=\u00bb#000724&#8243; header_2_font_size=\u00bb40px\u00bb header_2_line_height=\u00bb1.35em\u00bb custom_margin=\u00bb||5px||false|false\u00bb hover_enabled=\u00bb0&#8243; header_2_font_size_tablet=\u00bb32px\u00bb header_2_font_size_phone=\u00bb20px\u00bb header_2_font_size_last_edited=\u00bbon|tablet\u00bb locked=\u00bboff\u00bb global_colors_info=\u00bb{}\u00bb sticky_enabled=\u00bb0&#8243;]<\/p>\n<h2>Grados de seguridad<\/h2>\n<p>[\/et_pb_text][et_pb_text _builder_version=\u00bb4.27.5&#8243; _module_preset=\u00bb16a54059-cc81-4572-9c70-eda6a6c419bf\u00bb text_text_color=\u00bb#000000&#8243; text_font_size=\u00bb16px\u00bb text_line_height=\u00bb1.8em\u00bb hover_enabled=\u00bb0&#8243; text_font_size_tablet=\u00bb15px\u00bb text_font_size_phone=\u00bb14px\u00bb text_font_size_last_edited=\u00bbon|phone\u00bb header_font_size_tablet=\u00bb55px\u00bb header_font_size_last_edited=\u00bboff|desktop\u00bb locked=\u00bboff\u00bb global_colors_info=\u00bb{}\u00bb sticky_enabled=\u00bb0&#8243; text_font=\u00bbUbuntu||||||||\u00bb]<\/p>\n<p data-start=\"1539\" data-end=\"1644\">Los sistemas de alarmas se clasifican en distintos grados seg\u00fan el nivel de riesgo del espacio protegido:<\/p>\n<h3 data-start=\"1646\" data-end=\"1663\"><\/h3>\n<p>[\/et_pb_text][et_pb_text _builder_version=\u00bb4.27.5&#8243; _module_preset=\u00bbaec0be99-8a53-4f75-abf2-64f29a8b4cc2&#8243; text_font=\u00bbUbuntu|500|||||||\u00bb text_text_color=\u00bb#000724&#8243; text_font_size=\u00bb17px\u00bb text_line_height=\u00bb1.8em\u00bb min_height=\u00bb155px\u00bb custom_padding=\u00bb||20px||false|false\u00bb hover_enabled=\u00bb0&#8243; text_font_size_tablet=\u00bb16px\u00bb text_font_size_phone=\u00bb13px\u00bb text_font_size_last_edited=\u00bbon|phone\u00bb border_color_all=\u00bbrgba(84,78,112,0.5)\u00bb border_width_bottom=\u00bb1px\u00bb locked=\u00bboff\u00bb global_colors_info=\u00bb{}\u00bb sticky_enabled=\u00bb0&#8243;]<\/p>\n<p>GRADO 1<\/p>\n<p><span class=\"s1\">Sistemas de seguridad b\u00e1sicos para uso dom\u00e9stico con nivel de riesgo bajo.<\/span><\/p>\n<p><span class=\"s1\">Ofrecen protecci\u00f3n elemental y no requieren conexi\u00f3n a Central Receptora de Alarmas.<\/span><\/p>\n<p>&nbsp;<\/p>\n<p>[\/et_pb_text][et_pb_text _builder_version=\u00bb4.27.5&#8243; _module_preset=\u00bbaec0be99-8a53-4f75-abf2-64f29a8b4cc2&#8243; text_font=\u00bbUbuntu|500|||||||\u00bb text_text_color=\u00bb#000724&#8243; text_font_size=\u00bb17px\u00bb text_line_height=\u00bb1.8em\u00bb custom_padding=\u00bb||20px||false|false\u00bb hover_enabled=\u00bb0&#8243; text_font_size_tablet=\u00bb16px\u00bb text_font_size_phone=\u00bb13px\u00bb text_font_size_last_edited=\u00bbon|phone\u00bb border_color_all=\u00bbrgba(84,78,112,0.5)\u00bb border_width_bottom=\u00bb1px\u00bb locked=\u00bboff\u00bb global_colors_info=\u00bb{}\u00bb sticky_enabled=\u00bb0&#8243;]<\/p>\n<p>GRADO 2<\/p>\n<p><span style=\"font-size: 17px;\">Sistemas de seguridad para viviendas, comercios y negocios con riesgo bajo o medio.<\/span><\/p>\n<p><span style=\"font-size: 17px;\">Incluyen conexi\u00f3n a Central Receptora de Alarmas para protecci\u00f3n continua.<\/span><\/p>\n<p>&nbsp;<\/p>\n<p>&nbsp;<\/p>\n<p>[\/et_pb_text][et_pb_text _builder_version=\u00bb4.27.5&#8243; _module_preset=\u00bbaec0be99-8a53-4f75-abf2-64f29a8b4cc2&#8243; text_font=\u00bbUbuntu|500|||||||\u00bb text_text_color=\u00bb#000724&#8243; text_font_size=\u00bb17px\u00bb text_line_height=\u00bb1.8em\u00bb custom_padding=\u00bb||20px||false|false\u00bb hover_enabled=\u00bb0&#8243; text_font_size_tablet=\u00bb16px\u00bb text_font_size_phone=\u00bb13px\u00bb text_font_size_last_edited=\u00bbon|phone\u00bb border_color_all=\u00bbrgba(84,78,112,0.5)\u00bb border_width_bottom=\u00bb1px\u00bb locked=\u00bboff\u00bb global_colors_info=\u00bb{}\u00bb sticky_enabled=\u00bb0&#8243;]<\/p>\n<p>GRADO 3<\/p>\n<p><span class=\"s1\">Sistemas de alta seguridad para establecimientos con necesidades especiales de protecci\u00f3n.<\/span><\/p>\n<p><span class=\"s1\">Ofrecen mayor nivel de control, verificaci\u00f3n y conexi\u00f3n permanente con la Central Receptora.<\/span><\/p>\n<h3 data-start=\"2058\" data-end=\"2075\"><\/h3>\n<p>&nbsp;<\/p>\n<p>[\/et_pb_text][et_pb_text _builder_version=\u00bb4.27.5&#8243; _module_preset=\u00bbaec0be99-8a53-4f75-abf2-64f29a8b4cc2&#8243; text_font=\u00bbUbuntu|500|||||||\u00bb text_text_color=\u00bb#000724&#8243; text_font_size=\u00bb17px\u00bb text_line_height=\u00bb1.8em\u00bb custom_padding=\u00bb||20px||false|false\u00bb hover_enabled=\u00bb0&#8243; text_font_size_tablet=\u00bb16px\u00bb text_font_size_phone=\u00bb13px\u00bb text_font_size_last_edited=\u00bbon|phone\u00bb border_color_all=\u00bbrgba(84,78,112,0.5)\u00bb border_width_bottom=\u00bb1px\u00bb locked=\u00bboff\u00bb global_colors_info=\u00bb{}\u00bb sticky_enabled=\u00bb0&#8243;]<\/p>\n<p>GRADO 4<\/p>\n<p>Para instalaciones de alto riesgo, como infraestructuras cr\u00edticas, instalaciones militares, almacenes de materiales peligrosos o explosivos y empresas de seguridad.<\/p>\n<p>&nbsp;<\/p>\n<p>[\/et_pb_text][et_pb_text _builder_version=\u00bb4.27.5&#8243; _module_preset=\u00bbaec0be99-8a53-4f75-abf2-64f29a8b4cc2&#8243; text_font=\u00bbUbuntu|500|||||||\u00bb text_text_color=\u00bb#000724&#8243; text_font_size=\u00bb17px\u00bb text_line_height=\u00bb1.8em\u00bb custom_padding=\u00bb||20px||false|false\u00bb hover_enabled=\u00bb0&#8243; text_font_size_tablet=\u00bb16px\u00bb text_font_size_phone=\u00bb13px\u00bb text_font_size_last_edited=\u00bbon|phone\u00bb border_color_all=\u00bbrgba(84,78,112,0.5)\u00bb border_width_bottom=\u00bb1px\u00bb locked=\u00bboff\u00bb global_colors_info=\u00bb{}\u00bb sticky_enabled=\u00bb0&#8243;]<\/p>\n<p>En <strong data-start=\"2245\" data-end=\"2255\">CRAC24<\/strong> estamos especializados en sistemas de <strong data-start=\"2294\" data-end=\"2315\">Grado 2 y Grado 3<\/strong>, ofreciendo soluciones adaptadas a las necesidades de cada cliente.<\/p>\n<p>[\/et_pb_text][\/et_pb_column][et_pb_column type=\u00bb1_2&#8243; _builder_version=\u00bb4.16&#8243; _module_preset=\u00bbdefault\u00bb global_colors_info=\u00bb{}\u00bb][et_pb_slider _builder_version=\u00bb4.27.5&#8243; _module_preset=\u00bbdefault\u00bb hover_enabled=\u00bb0&#8243; sticky_enabled=\u00bb0&#8243;][et_pb_slide _builder_version=\u00bb4.27.5&#8243; _module_preset=\u00bbdefault\u00bb title_text=\u00bb15&#8243; image=\u00bbhttps:\/\/crac24.com\/wp-content\/uploads\/2026\/02\/15.png\u00bb use_bg_overlay=\u00bboff\u00bb background_color=\u00bb#FFFFFF\u00bb background_enable_color=\u00bbon\u00bb hover_enabled=\u00bb0&#8243; sticky_enabled=\u00bb0&#8243;][\/et_pb_slide][et_pb_slide _builder_version=\u00bb4.27.5&#8243; _module_preset=\u00bbdefault\u00bb title_text=\u00bb14&#8243; image=\u00bbhttps:\/\/crac24.com\/wp-content\/uploads\/2026\/02\/14.png\u00bb background_color=\u00bb#FFFFFF\u00bb background_enable_color=\u00bbon\u00bb hover_enabled=\u00bb0&#8243; sticky_enabled=\u00bb0&#8243;][\/et_pb_slide][\/et_pb_slider][\/et_pb_column][\/et_pb_row][\/et_pb_section][et_pb_section fb_built=\u00bb1&#8243; admin_label=\u00bbFooter\u00bb _builder_version=\u00bb4.27.5&#8243; _module_preset=\u00bbdefault\u00bb use_background_color_gradient=\u00bbon\u00bb background_color_gradient_direction=\u00bb-40deg\u00bb background_color_gradient_stops=\u00bb#ed4421 99%|#ffc230 100%\u00bb background_color_gradient_start=\u00bb#ffc230&#8243; background_color_gradient_start_position=\u00bb50%\u00bb background_color_gradient_end=\u00bb#ed4421&#8243; background_color_gradient_end_position=\u00bb50%\u00bb background_enable_image=\u00bboff\u00bb locked=\u00bboff\u00bb global_colors_info=\u00bb{}\u00bb][et_pb_row column_structure=\u00bb1_4,1_4,1_2&#8243; make_equal=\u00bbon\u00bb _builder_version=\u00bb4.16&#8243; _module_preset=\u00bbdefault\u00bb global_colors_info=\u00bb{}\u00bb][et_pb_column type=\u00bb1_4&#8243; _builder_version=\u00bb4.16&#8243; _module_preset=\u00bbdefault\u00bb global_colors_info=\u00bb{}\u00bb][et_pb_image src=\u00bbhttps:\/\/crac24.com\/wp-content\/uploads\/2022\/01\/calidad-iso9001.png\u00bb title_text=\u00bbcalidad-iso9001&#8243; _builder_version=\u00bb4.27.5&#8243; _module_preset=\u00bbdefault\u00bb global_colors_info=\u00bb{}\u00bb][\/et_pb_image][\/et_pb_column][et_pb_column type=\u00bb1_4&#8243; _builder_version=\u00bb4.16&#8243; _module_preset=\u00bbdefault\u00bb global_colors_info=\u00bb{}\u00bb][\/et_pb_column][et_pb_column type=\u00bb1_2&#8243; _builder_version=\u00bb4.16&#8243; _module_preset=\u00bbdefault\u00bb background_color=\u00bb#000724&#8243; custom_padding=\u00bb60px|60px|60px|60px|true|true\u00bb custom_padding_tablet=\u00bb50px|50px|50px|50px|true|true\u00bb custom_padding_phone=\u00bb20px|20px|20px|20px|true|true\u00bb custom_padding_last_edited=\u00bbon|phone\u00bb box_shadow_style=\u00bbpreset1&#8243; box_shadow_horizontal=\u00bb30px\u00bb box_shadow_vertical=\u00bb100px\u00bb box_shadow_blur=\u00bb120px\u00bb box_shadow_color=\u00bbrgba(0,7,36,0.7)\u00bb global_colors_info=\u00bb{}\u00bb][et_pb_image src=\u00bbhttps:\/\/crac24.com\/wp-content\/uploads\/2024\/03\/logo-crac-png-4.png\u00bb title_text=\u00bblogo crac png-4&#8243; show_bottom_space=\u00bboff\u00bb align=\u00bbright\u00bb _builder_version=\u00bb4.27.5&#8243; _module_preset=\u00bbdefault\u00bb max_width=\u00bb150px\u00bb max_width_tablet=\u00bb80px\u00bb max_width_phone=\u00bb60px\u00bb max_width_last_edited=\u00bbon|phone\u00bb custom_margin=\u00bb-110px|||-110px|false|false\u00bb custom_margin_tablet=\u00bb-75px|||-75px|false|false\u00bb custom_margin_phone=\u00bb-35px|||-35px|false|false\u00bb custom_margin_last_edited=\u00bbon|phone\u00bb locked=\u00bboff\u00bb global_colors_info=\u00bb{}\u00bb][\/et_pb_image][et_pb_text _builder_version=\u00bb4.27.5&#8243; _module_preset=\u00bb32021f09-dd67-47fb-8f9a-832b72a38baf\u00bb header_2_font=\u00bbMichroma||||||||\u00bb header_2_text_color=\u00bb#FFFFFF\u00bb header_2_font_size=\u00bb32px\u00bb header_2_line_height=\u00bb1.35em\u00bb custom_margin_tablet=\u00bb|0%|||false|false\u00bb custom_margin_last_edited=\u00bboff|desktop\u00bb header_2_font_size_tablet=\u00bb32px\u00bb header_2_font_size_phone=\u00bb20px\u00bb header_2_font_size_last_edited=\u00bbon|tablet\u00bb locked=\u00bboff\u00bb global_colors_info=\u00bb{}\u00bb]<\/p>\n<h2>CRAC24 ALARMAS<\/h2>\n<p>[\/et_pb_text][et_pb_blurb title=\u00bbNOS ENCONTRAMOS\u00bb image=\u00bbhttps:\/\/crac24.com\/wp-content\/uploads\/2022\/05\/sercurity-services-icon-light-9-1.png\u00bb icon_placement=\u00bbleft\u00bb image_icon_width=\u00bb48px\u00bb content_max_width=\u00bb100%\u00bb image_icon_width_tablet=\u00bb32px\u00bb image_icon_width_phone=\u00bb24px\u00bb image_icon_width_last_edited=\u00bbon|phone\u00bb _builder_version=\u00bb4.27.5&#8243; _module_preset=\u00bb794e3381-eaa8-4dd9-ae78-e1c4b9119be9&#8243; header_font=\u00bbMichroma|700||on|||||\u00bb header_text_color=\u00bb#FFFFFF\u00bb header_font_size=\u00bb12px\u00bb header_letter_spacing=\u00bb0.2em\u00bb header_line_height=\u00bb1.2em\u00bb body_font=\u00bbUbuntu|700|||||||\u00bb body_text_color=\u00bb#ed4421&#8243; body_line_height=\u00bb1.6em\u00bb body_link_text_color=\u00bb#FFC230&#8243; background_layout=\u00bbdark\u00bb custom_margin=\u00bb||50px||false|false\u00bb custom_margin_tablet=\u00bb||40px||false|false\u00bb custom_margin_phone=\u00bb||30px||false|false\u00bb custom_margin_last_edited=\u00bbon|phone\u00bb animation=\u00bboff\u00bb hover_enabled=\u00bb0&#8243; header_font_size_tablet=\u00bb10px\u00bb header_font_size_phone=\u00bb\u00bb header_font_size_last_edited=\u00bbon|phone\u00bb body_font_size_tablet=\u00bb14px\u00bb body_font_size_phone=\u00bb13px\u00bb body_font_size_last_edited=\u00bbon|phone\u00bb image_max_width=\u00bb48px\u00bb image_max_width_tablet=\u00bb32px\u00bb image_max_width_phone=\u00bb24px\u00bb image_max_width_last_edited=\u00bbon|phone\u00bb locked=\u00bboff\u00bb global_colors_info=\u00bb{}\u00bb sticky_enabled=\u00bb0&#8243;]<\/p>\n<p><span style=\"caret-color: #ff0000;\">Avda San Vicente Ferrer, 42 Ent\u00aa B<\/span><\/p>\n<p><span style=\"caret-color: #ff0000;\">CREVILLENTE ( ALICANTE)<\/span><\/p>\n<p>[\/et_pb_blurb][et_pb_blurb title=\u00bbLL\u00c1MANOS\u00bb image=\u00bbhttps:\/\/crac24.com\/wp-content\/uploads\/2022\/05\/sercurity-services-icon-light-15-1.png\u00bb icon_placement=\u00bbleft\u00bb image_icon_width=\u00bb48px\u00bb content_max_width=\u00bb100%\u00bb image_icon_width_tablet=\u00bb32px\u00bb image_icon_width_phone=\u00bb24px\u00bb image_icon_width_last_edited=\u00bbon|phone\u00bb _builder_version=\u00bb4.27.5&#8243; _module_preset=\u00bb794e3381-eaa8-4dd9-ae78-e1c4b9119be9&#8243; header_font=\u00bbMichroma|700||on|||||\u00bb header_text_color=\u00bb#FFFFFF\u00bb header_font_size=\u00bb12px\u00bb header_letter_spacing=\u00bb0.2em\u00bb header_line_height=\u00bb1.2em\u00bb body_font=\u00bbUbuntu|700|||||||\u00bb body_text_color=\u00bb#ed4421&#8243; body_line_height=\u00bb1.6em\u00bb body_link_text_color=\u00bb#FFC230&#8243; background_layout=\u00bbdark\u00bb custom_margin=\u00bb||50px||false|false\u00bb custom_margin_tablet=\u00bb||40px||false|false\u00bb custom_margin_phone=\u00bb||30px||false|false\u00bb custom_margin_last_edited=\u00bbon|phone\u00bb animation=\u00bboff\u00bb hover_enabled=\u00bb0&#8243; header_font_size_tablet=\u00bb10px\u00bb header_font_size_phone=\u00bb\u00bb header_font_size_last_edited=\u00bbon|phone\u00bb body_font_size_tablet=\u00bb14px\u00bb body_font_size_phone=\u00bb13px\u00bb body_font_size_last_edited=\u00bbon|phone\u00bb image_max_width=\u00bb48px\u00bb image_max_width_tablet=\u00bb32px\u00bb image_max_width_phone=\u00bb24px\u00bb image_max_width_last_edited=\u00bbon|phone\u00bb locked=\u00bboff\u00bb global_colors_info=\u00bb{}\u00bb sticky_enabled=\u00bb0&#8243;]<\/p>\n<p>96 668 06 26<\/p>\n<p>[\/et_pb_blurb][et_pb_blurb title=\u00bbEmail \u00bb image=\u00bbhttps:\/\/crac24.com\/wp-content\/uploads\/2022\/05\/sercurity-services-icon-light-6-1.png\u00bb icon_placement=\u00bbleft\u00bb image_icon_width=\u00bb48px\u00bb content_max_width=\u00bb100%\u00bb image_icon_width_tablet=\u00bb32px\u00bb image_icon_width_phone=\u00bb24px\u00bb image_icon_width_last_edited=\u00bbon|phone\u00bb _builder_version=\u00bb4.27.5&#8243; _module_preset=\u00bb794e3381-eaa8-4dd9-ae78-e1c4b9119be9&#8243; header_font=\u00bbMichroma|700||on|||||\u00bb header_text_color=\u00bb#FFFFFF\u00bb header_font_size=\u00bb12px\u00bb header_letter_spacing=\u00bb0.2em\u00bb header_line_height=\u00bb1.2em\u00bb body_font=\u00bbUbuntu|700|||||||\u00bb body_text_color=\u00bb#ed4421&#8243; body_line_height=\u00bb1.6em\u00bb body_link_text_color=\u00bb#FFC230&#8243; background_layout=\u00bbdark\u00bb custom_margin=\u00bb||50px||false|false\u00bb custom_margin_tablet=\u00bb||40px||false|false\u00bb custom_margin_phone=\u00bb||30px||false|false\u00bb custom_margin_last_edited=\u00bbon|phone\u00bb animation=\u00bboff\u00bb hover_enabled=\u00bb0&#8243; header_font_size_tablet=\u00bb10px\u00bb header_font_size_phone=\u00bb\u00bb header_font_size_last_edited=\u00bbon|phone\u00bb body_font_size_tablet=\u00bb14px\u00bb body_font_size_phone=\u00bb13px\u00bb body_font_size_last_edited=\u00bbon|phone\u00bb image_max_width=\u00bb48px\u00bb image_max_width_tablet=\u00bb32px\u00bb image_max_width_phone=\u00bb24px\u00bb image_max_width_last_edited=\u00bbon|phone\u00bb locked=\u00bboff\u00bb global_colors_info=\u00bb{}\u00bb sticky_enabled=\u00bb0&#8243;]<\/p>\n<p>info@crac.com<\/p>\n<p>[\/et_pb_blurb][\/et_pb_column][\/et_pb_row][\/et_pb_section]<\/p>\n","protected":false},"excerpt":{"rendered":"<p>SISTEMAS DE ALARMASUn sistema de alarma es un conjunto de dispositivos electr\u00f3nicos dise\u00f1ados para detectar accesos no autorizados y activar alertas autom\u00e1ticas. Estos dispositivos \u2014sensores, detectores, sirenas y c\u00e1maras\u2014 trabajan de forma coordinada y se comunican con nuestra Central Receptora de Alarmas mediante canales seguros. Cuando se recibe una se\u00f1al, la Central verifica el evento [&hellip;]<\/p>\n","protected":false},"author":1,"featured_media":0,"parent":0,"menu_order":0,"comment_status":"closed","ping_status":"closed","template":"","meta":{"_et_pb_use_builder":"on","_et_pb_old_content":"","_et_gb_content_width":"","footnotes":""},"class_list":["post-636","page","type-page","status-publish","hentry"],"jetpack_sharing_enabled":true,"_links":{"self":[{"href":"https:\/\/crac24.com\/en\/wp-json\/wp\/v2\/pages\/636","targetHints":{"allow":["GET"]}}],"collection":[{"href":"https:\/\/crac24.com\/en\/wp-json\/wp\/v2\/pages"}],"about":[{"href":"https:\/\/crac24.com\/en\/wp-json\/wp\/v2\/types\/page"}],"author":[{"embeddable":true,"href":"https:\/\/crac24.com\/en\/wp-json\/wp\/v2\/users\/1"}],"replies":[{"embeddable":true,"href":"https:\/\/crac24.com\/en\/wp-json\/wp\/v2\/comments?post=636"}],"version-history":[{"count":5,"href":"https:\/\/crac24.com\/en\/wp-json\/wp\/v2\/pages\/636\/revisions"}],"predecessor-version":[{"id":1778,"href":"https:\/\/crac24.com\/en\/wp-json\/wp\/v2\/pages\/636\/revisions\/1778"}],"wp:attachment":[{"href":"https:\/\/crac24.com\/en\/wp-json\/wp\/v2\/media?parent=636"}],"curies":[{"name":"wp","href":"https:\/\/api.w.org\/{rel}","templated":true}]}}